{"id":80,"date":"2026-01-30T11:40:26","date_gmt":"2026-01-30T11:40:26","guid":{"rendered":"https:\/\/baziegeaucoeur.fr\/?page_id=80"},"modified":"2026-02-02T16:31:03","modified_gmt":"2026-02-02T16:31:03","slug":"80-2","status":"publish","type":"page","link":"https:\/\/baziegeaucoeur.fr\/index.php\/80-2\/","title":{"rendered":"Politique de confidentialit\u00e9"},"content":{"rendered":"<p>[et_pb_section fb_built=\u00a0\u00bb1&Prime; _builder_version=\u00a0\u00bb4.18.0&Prime; _module_preset=\u00a0\u00bbdefault\u00a0\u00bb global_colors_info=\u00a0\u00bb{}\u00a0\u00bb][et_pb_row _builder_version=\u00a0\u00bb4.18.0&Prime; _module_preset=\u00a0\u00bbdefault\u00a0\u00bb global_colors_info=\u00a0\u00bb{}\u00a0\u00bb][et_pb_column type=\u00a0\u00bb4_4&Prime; _builder_version=\u00a0\u00bb4.18.0&Prime; _module_preset=\u00a0\u00bbdefault\u00a0\u00bb global_colors_info=\u00a0\u00bb{}\u00a0\u00bb][et_pb_text _builder_version=\u00a0\u00bb4.18.0&Prime; _module_preset=\u00a0\u00bbdefault\u00a0\u00bb global_colors_info=\u00a0\u00bb{}\u00a0\u00bb]<\/p>\n<h2 data-start=\"788\" data-end=\"822\">Politique de confidentialit\u00e9<\/h2>\n<h3 data-start=\"824\" data-end=\"848\">Donn\u00e9es personnelles<\/h3>\n<p data-start=\"849\" data-end=\"1005\">Le site <b>Baziegeaucoeur.fr <\/b>peut \u00eatre amen\u00e9 \u00e0 collecter des donn\u00e9es personnelles via <strong data-start=\"932\" data-end=\"1004\">formulaire de contact <\/strong><\/p>\n<p data-start=\"849\" data-end=\"1005\">Les donn\u00e9es collect\u00e9es sont strictement n\u00e9cessaires aux finalit\u00e9s suivantes :<\/p>\n<ul data-start=\"1087\" data-end=\"1212\">\n<li data-start=\"1087\" data-end=\"1149\">\n<p data-start=\"1089\" data-end=\"1149\">r\u00e9pondre aux messages envoy\u00e9s via le formulaire de contact<\/p>\n<\/li>\n<li data-start=\"1150\" data-end=\"1212\">\n<p data-start=\"1152\" data-end=\"1212\">informer sur l\u2019actualit\u00e9 et le projet de la liste \u00e9lectorale<\/p>\n<\/li>\n<\/ul>\n<p data-start=\"1214\" data-end=\"1265\">Les donn\u00e9es susceptibles d\u2019\u00eatre collect\u00e9es sont :<\/p>\n<ul data-start=\"1266\" data-end=\"1318\">\n<li data-start=\"1266\" data-end=\"1273\">\n<p data-start=\"1268\" data-end=\"1273\">nom<\/p>\n<\/li>\n<li data-start=\"1274\" data-end=\"1284\">\n<p data-start=\"1276\" data-end=\"1284\">pr\u00e9nom<\/p>\n<\/li>\n<li data-start=\"1285\" data-end=\"1302\">\n<p data-start=\"1287\" data-end=\"1302\">adresse email<\/p>\n<\/li>\n<li data-start=\"1303\" data-end=\"1318\">\n<p data-start=\"1305\" data-end=\"1318\">message libre<\/p>\n<\/li>\n<\/ul>\n<h3 data-start=\"1320\" data-end=\"1349\">Responsable du traitement<\/h3>\n<p data-start=\"1350\" data-end=\"1469\">Le responsable du traitement des donn\u00e9es est :<br data-start=\"1396\" data-end=\"1399\" \/><strong data-start=\"1399\" data-end=\"1431\">JEAN FRANCOIS ROUSSEL<\/strong>, pour la liste Baziege au coeur<\/p>\n<h3 data-start=\"1471\" data-end=\"1496\">Dur\u00e9e de conservation<\/h3>\n<p data-start=\"1497\" data-end=\"1660\">Les donn\u00e9es sont conserv\u00e9es pendant une dur\u00e9e strictement n\u00e9cessaire \u00e0 la finalit\u00e9 du traitement.<\/p>\n<h3 data-start=\"1662\" data-end=\"1689\">Droits des utilisateurs<\/h3>\n<p data-start=\"1690\" data-end=\"1777\">Conform\u00e9ment \u00e0 la r\u00e9glementation en vigueur (RGPD), vous disposez des droits suivants :<\/p>\n<ul data-start=\"1778\" data-end=\"1862\">\n<li data-start=\"1778\" data-end=\"1793\">\n<p data-start=\"1780\" data-end=\"1793\">droit d\u2019acc\u00e8s<\/p>\n<\/li>\n<li data-start=\"1794\" data-end=\"1818\">\n<p data-start=\"1796\" data-end=\"1818\">droit de rectification<\/p>\n<\/li>\n<li data-start=\"1819\" data-end=\"1841\">\n<p data-start=\"1821\" data-end=\"1841\">droit de suppression<\/p>\n<\/li>\n<li data-start=\"1842\" data-end=\"1862\">\n<p data-start=\"1844\" data-end=\"1862\">droit d\u2019opposition<\/p>\n<\/li>\n<\/ul>\n<p data-start=\"1864\" data-end=\"1960\">Pour exercer ces droits, vous pouvez adresser votre demande \u00e0 :<br data-start=\"1927\" data-end=\"1930\" \/><strong data-start=\"1930\" data-end=\"1960\"><a href=\"mailto:Bazigeaucoeur@gmail.com\">Bazigeaucoeur@gmail.com<\/a><\/strong><\/p>\n<p data-start=\"1864\" data-end=\"1960\"><strong data-start=\"1930\" data-end=\"1960\"><\/strong><\/p>\n<p>INFORMATIONS NOMINATIVES COLLECT\u00c9ES SUR LE SITE<\/p>\n<p>&nbsp;<\/p>\n<p>\u00ab Conform\u00e9ment \u00e0 la loi modifi\u00e9e du 6 janvier 1978 \u00ab relative \u00e0 l\u2019informatique, aux fichiers, et aux libert\u00e9s \u00bb, vous disposez d\u2019un droit d\u2019opposition (article 38), d\u2019acc\u00e8s (article 39) et de rectification (article 40) aux informations qui vous concernent. Vous pouvez exercer ces droits et obtenir communication des informations qui vous concernent en vous adressant \u00e0 : <strong data-start=\"1930\" data-end=\"1960\"><a href=\"mailto:Bazigeaucoeur@gmail.com\">Bazigeaucoeur@gmail.com<\/a><\/strong>\u00a0 Vous pouvez nous demander, par simple retour de mail, que vos coordonn\u00e9es soient radi\u00e9es de notre liste de diffusion. Le fichier utilis\u00e9 est enregistr\u00e9 aupr\u00e8s de la CNIL sous le num\u00e9ro 1873413 \u00bb<\/p>\n<p>&nbsp;<\/p>\n<h3 data-start=\"1962\" data-end=\"1973\">Cookies<\/h3>\n<p data-start=\"1974\" data-end=\"2104\">Le site <strong data-start=\"1982\" data-end=\"2011\">n\u2019utilise pas <\/strong>\u00a0de cookies.<br data-start=\"2023\" data-end=\"2026\" \/>Ce site n\u2019utilise aucun cookie de suivi ou de mesure d\u2019audience<\/p>\n<p>[\/et_pb_text][\/et_pb_column][\/et_pb_row][\/et_pb_section]<\/p>\n","protected":false},"excerpt":{"rendered":"<p>Politique de confidentialit\u00e9 Donn\u00e9es personnelles Le site Baziegeaucoeur.fr peut \u00eatre amen\u00e9 \u00e0 collecter des donn\u00e9es personnelles via formulaire de contact Les donn\u00e9es collect\u00e9es sont strictement n\u00e9cessaires aux finalit\u00e9s suivantes : r\u00e9pondre aux messages envoy\u00e9s via le formulaire de contact informer sur l\u2019actualit\u00e9 et le projet de la liste \u00e9lectorale Les donn\u00e9es susceptibles d\u2019\u00eatre collect\u00e9es sont [&hellip;]<\/p>\n","protected":false},"author":1,"featured_media":0,"parent":0,"menu_order":0,"comment_status":"closed","ping_status":"closed","template":"","meta":{"_et_pb_use_builder":"on","_et_pb_old_content":"","_et_gb_content_width":"","footnotes":""},"class_list":["post-80","page","type-page","status-publish","hentry"],"_links":{"self":[{"href":"https:\/\/baziegeaucoeur.fr\/index.php\/wp-json\/wp\/v2\/pages\/80","targetHints":{"allow":["GET"]}}],"collection":[{"href":"https:\/\/baziegeaucoeur.fr\/index.php\/wp-json\/wp\/v2\/pages"}],"about":[{"href":"https:\/\/baziegeaucoeur.fr\/index.php\/wp-json\/wp\/v2\/types\/page"}],"author":[{"embeddable":true,"href":"https:\/\/baziegeaucoeur.fr\/index.php\/wp-json\/wp\/v2\/users\/1"}],"replies":[{"embeddable":true,"href":"https:\/\/baziegeaucoeur.fr\/index.php\/wp-json\/wp\/v2\/comments?post=80"}],"version-history":[{"count":5,"href":"https:\/\/baziegeaucoeur.fr\/index.php\/wp-json\/wp\/v2\/pages\/80\/revisions"}],"predecessor-version":[{"id":145,"href":"https:\/\/baziegeaucoeur.fr\/index.php\/wp-json\/wp\/v2\/pages\/80\/revisions\/145"}],"wp:attachment":[{"href":"https:\/\/baziegeaucoeur.fr\/index.php\/wp-json\/wp\/v2\/media?parent=80"}],"curies":[{"name":"wp","href":"https:\/\/api.w.org\/{rel}","templated":true}]}}