{"id":74,"date":"2026-01-30T11:34:15","date_gmt":"2026-01-30T11:34:15","guid":{"rendered":"https:\/\/baziegeaucoeur.fr\/?page_id=74"},"modified":"2026-01-30T11:34:38","modified_gmt":"2026-01-30T11:34:38","slug":"mentions-legales","status":"publish","type":"page","link":"https:\/\/baziegeaucoeur.fr\/index.php\/mentions-legales\/","title":{"rendered":"Mentions l\u00e9gales"},"content":{"rendered":"\n[et_pb_section fb_built=\u00a0\u00bb1&Prime; theme_builder_area=\u00a0\u00bbpost_content\u00a0\u00bb _builder_version=\u00a0\u00bb4.18.0&Prime; _module_preset=\u00a0\u00bbdefault\u00a0\u00bb][et_pb_row _builder_version=\u00a0\u00bb4.18.0&Prime; _module_preset=\u00a0\u00bbdefault\u00a0\u00bb theme_builder_area=\u00a0\u00bbpost_content\u00a0\u00bb][et_pb_column _builder_version=\u00a0\u00bb4.18.0&Prime; _module_preset=\u00a0\u00bbdefault\u00a0\u00bb type=\u00a0\u00bb4_4&Prime; theme_builder_area=\u00a0\u00bbpost_content\u00a0\u00bb][et_pb_text _builder_version=\u00a0\u00bb4.18.0&Prime; _module_preset=\u00a0\u00bbdefault\u00a0\u00bb theme_builder_area=\u00a0\u00bbpost_content\u00a0\u00bb hover_enabled=\u00a0\u00bb0&Prime; sticky_enabled=\u00a0\u00bb0&Prime;]<h2 data-start=\"187\" data-end=\"209\">Mentions l\u00e9gales<\/h2>\n<p data-start=\"211\" data-end=\"423\"><strong data-start=\"211\" data-end=\"230\">\u00c9diteur du site<\/strong><br data-start=\"230\" data-end=\"233\" \/>Site \u00e9dit\u00e9 par la liste \u00e9lectorale : Baziege au coeur<br data-start=\"291\" data-end=\"294\" \/>Directeur \/ Directrice de la publication : Jean Fran\u00e7ois ROUSSEL<br data-start=\"369\" data-end=\"372\" \/>Adresse de contact : <strong data-start=\"393\" data-end=\"423\">baziegeaucoeur@gmail.com<\/strong><\/p>\n<p data-start=\"425\" data-end=\"572\"><strong data-start=\"425\" data-end=\"440\">H\u00e9bergement<\/strong><br data-start=\"440\" data-end=\"443\" \/>Le site est h\u00e9berg\u00e9 par :<br data-start=\"468\" data-end=\"471\" \/>Le site est h\u00e9berg\u00e9 par OVH SAS,<br data-start=\"868\" data-end=\"871\" \/>Si\u00e8ge social : 2 rue Kellermann \u2013 59100 Roubaix \u2013 France<br data-start=\"929\" data-end=\"932\" \/>RCS Lille M\u00e9tropole : 424 761 419 00045<br data-start=\"973\" data-end=\"976\" \/>N\u00b0 TVA : FR 22 424 761 419<br data-start=\"1004\" data-end=\"1007\" \/>Site : <a data-start=\"1016\" data-end=\"1032\" rel=\"noopener\" target=\"_new\" class=\"decorated-link cursor-pointer\">www.ovhcloud.com<span aria-hidden=\"true\" class=\"ms-0.5 inline-block align-middle leading-none\"><svg xmlns=\"http:\/\/www.w3.org\/2000\/svg\" width=\"20\" height=\"20\" aria-hidden=\"true\" data-rtl-flip=\"\" class=\"block h-[0.75em] w-[0.75em] stroke-current stroke-[0.75]\"><use href=\"\/cdn\/assets\/sprites-core-ev4bxrov.svg#304883\" fill=\"currentColor\"><\/use><\/svg><\/span><\/a><br data-start=\"1032\" data-end=\"1035\" \/>T\u00e9l\u00e9phone : +33 9 72 10 10 0<\/p>\n<p data-start=\"574\" data-end=\"781\"><strong data-start=\"574\" data-end=\"599\">Financement \u00e9lectoral<\/strong><br data-start=\"599\" data-end=\"602\" \/>Ce site est \u00e9dit\u00e9 par <b>Bazi\u00e8ge au coeur <\/b>et financ\u00e9 par <strong data-start=\"661\" data-end=\"729\">Baziege au coeur<\/strong>, conform\u00e9ment \u00e0 l\u2019article L.52-8 du Code \u00e9lectoral.<\/p>[\/et_pb_text][\/et_pb_column][\/et_pb_row][\/et_pb_section]\n","protected":false},"excerpt":{"rendered":"<p>Mentions l\u00e9gales \u00c9diteur du siteSite \u00e9dit\u00e9 par la liste \u00e9lectorale : Baziege au coeurDirecteur \/ Directrice de la publication : Jean Fran\u00e7ois ROUSSELAdresse de contact : baziegeaucoeur@gmail.com H\u00e9bergementLe site est h\u00e9berg\u00e9 par :Le site est h\u00e9berg\u00e9 par OVH SAS,Si\u00e8ge social : 2 rue Kellermann \u2013 59100 Roubaix \u2013 FranceRCS Lille M\u00e9tropole : 424 761 419 [&hellip;]<\/p>\n","protected":false},"author":1,"featured_media":0,"parent":0,"menu_order":0,"comment_status":"closed","ping_status":"closed","template":"","meta":{"_et_pb_use_builder":"on","_et_pb_old_content":"","_et_gb_content_width":"","footnotes":""},"class_list":["post-74","page","type-page","status-publish","hentry"],"_links":{"self":[{"href":"https:\/\/baziegeaucoeur.fr\/index.php\/wp-json\/wp\/v2\/pages\/74","targetHints":{"allow":["GET"]}}],"collection":[{"href":"https:\/\/baziegeaucoeur.fr\/index.php\/wp-json\/wp\/v2\/pages"}],"about":[{"href":"https:\/\/baziegeaucoeur.fr\/index.php\/wp-json\/wp\/v2\/types\/page"}],"author":[{"embeddable":true,"href":"https:\/\/baziegeaucoeur.fr\/index.php\/wp-json\/wp\/v2\/users\/1"}],"replies":[{"embeddable":true,"href":"https:\/\/baziegeaucoeur.fr\/index.php\/wp-json\/wp\/v2\/comments?post=74"}],"version-history":[{"count":3,"href":"https:\/\/baziegeaucoeur.fr\/index.php\/wp-json\/wp\/v2\/pages\/74\/revisions"}],"predecessor-version":[{"id":78,"href":"https:\/\/baziegeaucoeur.fr\/index.php\/wp-json\/wp\/v2\/pages\/74\/revisions\/78"}],"wp:attachment":[{"href":"https:\/\/baziegeaucoeur.fr\/index.php\/wp-json\/wp\/v2\/media?parent=74"}],"curies":[{"name":"wp","href":"https:\/\/api.w.org\/{rel}","templated":true}]}}